{"id":95,"date":"2022-07-23T11:08:38","date_gmt":"2022-07-23T09:08:38","guid":{"rendered":"https:\/\/medicalsurgicalaid.org\/?page_id=95"},"modified":"2022-10-26T20:20:51","modified_gmt":"2022-10-26T18:20:51","slug":"charte","status":"publish","type":"page","link":"https:\/\/medicalsurgicalaid.org\/index.php\/charte\/","title":{"rendered":"Charte"},"content":{"rendered":"\n\n\t<h3><strong>Charte MSA du volontaire responsable:<\/strong><\/h3>\n<p>Cette charte pr&eacute;sente quelques r&egrave;gles &eacute;l&eacute;mentaires afin de faire de l&rsquo;engagement de chaque volontaire quelque chose de v&eacute;ritablement utile et valorisable.&nbsp;<\/p>\n<p>Le volontaire s&rsquo;engage &agrave;\u202f:<\/p>\n<p>1. Respecter les populations locales\u202f:\u202fsur la plupart des missions, nos volontaires sont log&eacute;s en familles d&rsquo;accueil. Ceci permet une immersion culturelle et un &eacute;change v&eacute;ritable au sein du pays d&rsquo;accueil. Il est demand&eacute; &agrave; chaque volontaire de respecter les diff&eacute;rences culturelles et religieuses ainsi que les diff&eacute;rences de conditions de vie (alimentation, logement, comportement &agrave; l&rsquo;&eacute;gard des femmes et des anciens, tenue vestimentaire, etc.).&nbsp;<\/p>\n<ol start=\"2\">\n<li> Respecter les partenaires\u202f:\u202fles volontaires sont amen&eacute;s &agrave; nous repr&eacute;senter au sein de nos partenaires locaux. Nous construisons des partenariats fond&eacute;s sur un principe de r&eacute;ciprocit&eacute; et veillons &agrave; ce que votre participation ne se substitue pas &agrave; un emploi local. Nous demandons &agrave; nos volontaires de respecter le projet port&eacute; localement par notre partenaire, de favoriser les &eacute;changes, de faire preuve de bonne volont&eacute; et de flexibilit&eacute; pour apporter une aide efficace ainsi qu&rsquo;une compr&eacute;hension des besoins locaux.<\/li>\n<li> Respecter la communaut&eacute; de volontaires\u202f:\u202fLes volontaires s&rsquo;ins&egrave;rent dans une communaut&eacute; issue de plus de 40 nationalit&eacute;s. Cette diversit&eacute; permet un enrichissement mutuel ainsi qu&rsquo;un accroissement de notre capacit&eacute; &agrave; avoir un impact positif aupr&egrave;s des populations de nos pays d&rsquo;action.<\/li>\n<li> Respecter les l&eacute;gislations internationales et locales\u202f: chaque volontaire s&rsquo;engage &agrave; respecter les lois et coutumes en vigueur dans le pays dans lequel il travaille.<\/li>\n<li> Respecter les droits des enfants\u202f:\u202fLes volontaires sont souvent amen&eacute;s &agrave; travailler aupr&egrave;s d&#8217;enfants vuln&eacute;rables. En cas de violation des droits de l&rsquo;enfant, chaque volontaire est encourag&eacute; &agrave; signaler la situation &agrave; l&rsquo;&eacute;quipe locale. MSA Abroad a identifi&eacute; dans chaque pays d&rsquo;action une ONG tierce permettant d&rsquo;alerter les autorit&eacute;s concern&eacute;es en cas de violation.<\/li>\n<li> Respecter l&rsquo;environnement\u202f:\u202fMSA intervient dans de nombreuses missions d&#8217;&eacute;cotourisme, de conservation de la biodiversit&eacute; et des &eacute;cosyst&egrave;mes. Nous comptons sur nos volontaires pour respecter l&rsquo;environnement naturel des pays visit&eacute;s, ma&icirc;triser et limiter leur consommation d&rsquo;eau et d&rsquo;&eacute;nergie ainsi que la gestion de leurs d&eacute;chets et le respect des pr&eacute;cautions dans les espaces naturels sensibles. Nous leur demandons de respecter ces r&egrave;gles d&#8217;&eacute;cocitoyennet&eacute; et de montrer l&#8217;exemple &agrave; tout instant, m&ecirc;me si les usages locaux sont quelquefois diff&eacute;rents.<\/li>\n<li> Respecter le patrimoine culturel\u202f:\u202fMSA soutient plusieurs projets de protection du patrimoine. Les volontaires doivent respecter les sites historiques, arch&eacute;ologiques, culturels ou spirituels avec un comportement appropri&eacute;.<\/li>\n<li> Rester humble\u202f:\u202fles volontaires ne partent pas &laquo; sauver le monde &raquo; mais apporter &agrave; leur niveau une contribution efficace pour aider les populations et\/ou l&rsquo;environnement.<\/li>\n<\/ol>\n\t\t\t\t<img loading=\"lazy\" src=\"https:\/\/medicalsurgicalaid.org\/wp-content\/uploads\/2022\/07\/msa-photo.png\" alt=\"msa photo\" itemprop=\"image\" height=\"220\" width=\"369\" title=\"msa photo\" onerror=\"this.style.display='none'\"  \/>\n\t<p>C&#8217;est autour de ces valeurs et principes que les acteurs de MSA se retrouvent et participent \u00e0 la construction du monde de demain. Il rel\u00e8ve de la responsabilit\u00e9 de chaque volontaire de devenir acteur \u00e0 part enti\u00e8re de sa mission, ainsi qu&#8217;ambassadeur de ces valeurs \u00e0 travers ses actions, ses comportements et la continuation de ses engagements \u00e0 son retour. Toutefois, tout manquement \u00e9vident \u00e0 l&#8217;un de ces principes de la part d&#8217;un volontaire pourra conduire MSA \u00e0 prendre les mesures qui s&#8217;imposent.\u00a0<\/p>\n\t\t\t\t<img src=\"http:\/\/medicalsurgicalaid.org\/wp-content\/uploads\/2022\/05\/img17.jpg\" alt=\"img17\" itemprop=\"image\" title=\"img17\" onerror=\"this.style.display='none'\"  \/>\n\n","protected":false},"excerpt":{"rendered":"<p>Charte MSA du volontaire responsable: Cette charte pr&eacute;sente quelques r&egrave;gles &eacute;l&eacute;mentaires afin de faire de l&rsquo;engagement de chaque volontaire quelque chose de v&eacute;ritablement utile et valorisable.&nbsp; Le volontaire s&rsquo;engage &agrave;\u202f: 1. Respecter les populations locales\u202f:\u202fsur la plupart des missions, nos volontaires sont log&eacute;s en familles d&rsquo;accueil. Ceci permet une immersion culturelle et un &eacute;change v&eacute;ritable&#8230;<\/p>\n","protected":false},"author":2,"featured_media":0,"parent":0,"menu_order":0,"comment_status":"closed","ping_status":"closed","template":"","meta":{"om_disable_all_campaigns":false,"_monsterinsights_skip_tracking":false,"_monsterinsights_sitenote_active":false,"_monsterinsights_sitenote_note":"","_monsterinsights_sitenote_category":0,"_kad_post_transparent":"","_kad_post_title":"","_kad_post_layout":"","_kad_post_sidebar_id":"","_kad_post_content_style":"","_kad_post_vertical_padding":"","_kad_post_feature":"","_kad_post_feature_position":"","_kad_post_header":false,"_kad_post_footer":false},"_links":{"self":[{"href":"https:\/\/medicalsurgicalaid.org\/index.php\/wp-json\/wp\/v2\/pages\/95"}],"collection":[{"href":"https:\/\/medicalsurgicalaid.org\/index.php\/wp-json\/wp\/v2\/pages"}],"about":[{"href":"https:\/\/medicalsurgicalaid.org\/index.php\/wp-json\/wp\/v2\/types\/page"}],"author":[{"embeddable":true,"href":"https:\/\/medicalsurgicalaid.org\/index.php\/wp-json\/wp\/v2\/users\/2"}],"replies":[{"embeddable":true,"href":"https:\/\/medicalsurgicalaid.org\/index.php\/wp-json\/wp\/v2\/comments?post=95"}],"version-history":[{"count":5,"href":"https:\/\/medicalsurgicalaid.org\/index.php\/wp-json\/wp\/v2\/pages\/95\/revisions"}],"predecessor-version":[{"id":163,"href":"https:\/\/medicalsurgicalaid.org\/index.php\/wp-json\/wp\/v2\/pages\/95\/revisions\/163"}],"wp:attachment":[{"href":"https:\/\/medicalsurgicalaid.org\/index.php\/wp-json\/wp\/v2\/media?parent=95"}],"curies":[{"name":"wp","href":"https:\/\/api.w.org\/{rel}","templated":true}]}}