{"id":85,"date":"2022-07-23T11:02:48","date_gmt":"2022-07-23T09:02:48","guid":{"rendered":"https:\/\/medicalsurgicalaid.org\/?page_id=85"},"modified":"2022-07-23T12:15:41","modified_gmt":"2022-07-23T10:15:41","slug":"qui-sommes-nous-2","status":"publish","type":"page","link":"https:\/\/medicalsurgicalaid.org\/index.php\/qui-sommes-nous-2\/","title":{"rendered":"Qui sommes-nous ?"},"content":{"rendered":"\n\n\t<h3><strong>Qui sommes nous\u202f?\u00a0<\/strong><\/h3>\n<p><b>L&#8217;organisation de l&#8217;Association\u202f:<\/b>\u00a0<\/p>\n<p>&nbsp;<\/p>\n<p>Notre association est constitu\u00e9e de\u202fmembres\u202factifs et de membres ordinaires. Une\u202fcotisation\u202fest due pour chaque membre.\u00a0<\/p>\n<p>L&#8217;association est g\u00e9r\u00e9e par un\u202fConseil d&#8217;Administration\u202fdont les membres sont \u00e9lus pour 3 ans par l&#8217;Assembl\u00e9e G\u00e9n\u00e9rale. Il se r\u00e9unit au minimum deux fois par an.\u00a0<\/p>\n<p>Chaque ann\u00e9e le Conseil d&#8217;Administration \u00e9lit un\u202fbureau\u202fcompos\u00e9 a minima\u202f:\u00a0<\/p>\n<ul>\n<li data-leveltext=\"\uf0b7\" data-font=\"Symbol\" data-listid=\"1\" data-list-defn-props=\"{&quot;335552541&quot;:1,&quot;335559684&quot;:-2,&quot;335559685&quot;:720,&quot;335559991&quot;:360,&quot;469769226&quot;:&quot;Symbol&quot;,&quot;469769242&quot;:[8226],&quot;469777803&quot;:&quot;left&quot;,&quot;469777804&quot;:&quot;\uf0b7&quot;,&quot;469777815&quot;:&quot;multilevel&quot;}\" aria-setsize=\"-1\" data-aria-posinset=\"1\" data-aria-level=\"1\">d&#8217;un Pr\u00e9sident\u00a0<\/li>\n<li data-leveltext=\"\uf0b7\" data-font=\"Symbol\" data-listid=\"1\" data-list-defn-props=\"{&quot;335552541&quot;:1,&quot;335559684&quot;:-2,&quot;335559685&quot;:720,&quot;335559991&quot;:360,&quot;469769226&quot;:&quot;Symbol&quot;,&quot;469769242&quot;:[8226],&quot;469777803&quot;:&quot;left&quot;,&quot;469777804&quot;:&quot;\uf0b7&quot;,&quot;469777815&quot;:&quot;multilevel&quot;}\" aria-setsize=\"-1\" data-aria-posinset=\"2\" data-aria-level=\"1\">d&#8217;un Secr\u00e9taire\u00a0<\/li>\n<li data-leveltext=\"\uf0b7\" data-font=\"Symbol\" data-listid=\"1\" data-list-defn-props=\"{&quot;335552541&quot;:1,&quot;335559684&quot;:-2,&quot;335559685&quot;:720,&quot;335559991&quot;:360,&quot;469769226&quot;:&quot;Symbol&quot;,&quot;469769242&quot;:[8226],&quot;469777803&quot;:&quot;left&quot;,&quot;469777804&quot;:&quot;\uf0b7&quot;,&quot;469777815&quot;:&quot;multilevel&quot;}\" aria-setsize=\"-1\" data-aria-posinset=\"3\" data-aria-level=\"1\">et d&#8217;un Tr\u00e9sorier\u00a0<\/li>\n<\/ul>\n<p><b>Les ressources de l&#8217;Association\u202f:<\/b>\u00a0<\/p>\n<p>L&#8217;association ne comptant aucun salari\u00e9 et peu de frais de fonctionnement,\u202fla tr\u00e8s grande majorit\u00e9 des ressources est directement utilis\u00e9e pour nos actions en faveur d&#8217;une sant\u00e9 plus accessible.\u00a0<\/p>\n<p>Les ressources de\u202f<i>MSA<\/i>\u202fse composent\u202f:\u00a0<\/p>\n<ul>\n<li data-leveltext=\"\uf0b7\" data-font=\"Symbol\" data-listid=\"2\" data-list-defn-props=\"{&quot;335552541&quot;:1,&quot;335559684&quot;:-2,&quot;335559685&quot;:720,&quot;335559991&quot;:360,&quot;469769226&quot;:&quot;Symbol&quot;,&quot;469769242&quot;:[8226],&quot;469777803&quot;:&quot;left&quot;,&quot;469777804&quot;:&quot;\uf0b7&quot;,&quot;469777815&quot;:&quot;multilevel&quot;}\" aria-setsize=\"-1\" data-aria-posinset=\"1\" data-aria-level=\"1\">du produit des cotisations vers\u00e9es par les membres\u00a0<\/li>\n<li data-leveltext=\"\uf0b7\" data-font=\"Symbol\" data-listid=\"2\" data-list-defn-props=\"{&quot;335552541&quot;:1,&quot;335559684&quot;:-2,&quot;335559685&quot;:720,&quot;335559991&quot;:360,&quot;469769226&quot;:&quot;Symbol&quot;,&quot;469769242&quot;:[8226],&quot;469777803&quot;:&quot;left&quot;,&quot;469777804&quot;:&quot;\uf0b7&quot;,&quot;469777815&quot;:&quot;multilevel&quot;}\" aria-setsize=\"-1\" data-aria-posinset=\"2\" data-aria-level=\"1\">des subventions \u00e9ventuelles de l&#8217;Etat, des R\u00e9gions, des D\u00e9partements, des Communes et des \u00e9tablissements publics\u00a0<\/li>\n<li data-leveltext=\"\uf0b7\" data-font=\"Symbol\" data-listid=\"2\" data-list-defn-props=\"{&quot;335552541&quot;:1,&quot;335559684&quot;:-2,&quot;335559685&quot;:720,&quot;335559991&quot;:360,&quot;469769226&quot;:&quot;Symbol&quot;,&quot;469769242&quot;:[8226],&quot;469777803&quot;:&quot;left&quot;,&quot;469777804&quot;:&quot;\uf0b7&quot;,&quot;469777815&quot;:&quot;multilevel&quot;}\" aria-setsize=\"-1\" data-aria-posinset=\"3\" data-aria-level=\"1\">de toutes autres ressources, dons ou subventions qui ne seraient pas contraires aux lois en vigueur.\u00a0<\/li>\n<\/ul>\n<p><b>\u202f<\/b> <img loading=\"lazy\" src=\"http:\/\/medicalsurgicalaid.org\/wp-content\/uploads\/2022\/05\/img111-300x225.jpg\" alt=\"\" width=\"500\" height=\"auto\" \/><\/p>\nNos Actions \n<i>Notre principale raison d&#8217;exister\u202fest l&#8217;organisation de missions humanitaires en faveur des populations indigentes de la plan\u00e8te<\/i> :\n<ul>\n<li data-leveltext=\"\uf0b7\" data-font=\"Symbol\" data-listid=\"3\" data-list-defn-props=\"{&quot;335552541&quot;:1,&quot;335559684&quot;:-2,&quot;335559685&quot;:720,&quot;335559991&quot;:360,&quot;469769226&quot;:&quot;Symbol&quot;,&quot;469769242&quot;:[8226],&quot;469777803&quot;:&quot;left&quot;,&quot;469777804&quot;:&quot;\uf0b7&quot;,&quot;469777815&quot;:&quot;multilevel&quot;}\" aria-setsize=\"-1\" data-aria-posinset=\"1\" data-aria-level=\"1\">L&#8217;acc\u00e8s aux soins m\u00e9dicaux\u00a0<\/li>\n<li data-leveltext=\"\uf0b7\" data-font=\"Symbol\" data-listid=\"3\" data-list-defn-props=\"{&quot;335552541&quot;:1,&quot;335559684&quot;:-2,&quot;335559685&quot;:720,&quot;335559991&quot;:360,&quot;469769226&quot;:&quot;Symbol&quot;,&quot;469769242&quot;:[8226],&quot;469777803&quot;:&quot;left&quot;,&quot;469777804&quot;:&quot;\uf0b7&quot;,&quot;469777815&quot;:&quot;multilevel&quot;}\" aria-setsize=\"-1\" data-aria-posinset=\"2\" data-aria-level=\"1\">Le d\u00e9pistage\u00a0<\/li>\n<li data-leveltext=\"\uf0b7\" data-font=\"Symbol\" data-listid=\"3\" data-list-defn-props=\"{&quot;335552541&quot;:1,&quot;335559684&quot;:-2,&quot;335559685&quot;:720,&quot;335559991&quot;:360,&quot;469769226&quot;:&quot;Symbol&quot;,&quot;469769242&quot;:[8226],&quot;469777803&quot;:&quot;left&quot;,&quot;469777804&quot;:&quot;\uf0b7&quot;,&quot;469777815&quot;:&quot;multilevel&quot;}\" aria-setsize=\"-1\" data-aria-posinset=\"3\" data-aria-level=\"1\">L&#8217;information\u00a0<\/li>\n<li data-leveltext=\"\uf0b7\" data-font=\"Symbol\" data-listid=\"3\" data-list-defn-props=\"{&quot;335552541&quot;:1,&quot;335559684&quot;:-2,&quot;335559685&quot;:720,&quot;335559991&quot;:360,&quot;469769226&quot;:&quot;Symbol&quot;,&quot;469769242&quot;:[8226],&quot;469777803&quot;:&quot;left&quot;,&quot;469777804&quot;:&quot;\uf0b7&quot;,&quot;469777815&quot;:&quot;multilevel&quot;}\" aria-setsize=\"-1\" data-aria-posinset=\"4\" data-aria-level=\"1\">Les programmes d&#8217;\u00e9ducation\u00a0<\/li>\n<\/ul>\n<ul>\n<li data-leveltext=\"\uf0b7\" data-font=\"Symbol\" data-listid=\"3\" data-list-defn-props=\"{&quot;335552541&quot;:1,&quot;335559684&quot;:-2,&quot;335559685&quot;:720,&quot;335559991&quot;:360,&quot;469769226&quot;:&quot;Symbol&quot;,&quot;469769242&quot;:[8226],&quot;469777803&quot;:&quot;left&quot;,&quot;469777804&quot;:&quot;\uf0b7&quot;,&quot;469777815&quot;:&quot;multilevel&quot;}\" aria-setsize=\"-1\" data-aria-posinset=\"1\" data-aria-level=\"1\">Les programmes de formation\u00a0<\/li>\n<li data-leveltext=\"\uf0b7\" data-font=\"Symbol\" data-listid=\"3\" data-list-defn-props=\"{&quot;335552541&quot;:1,&quot;335559684&quot;:-2,&quot;335559685&quot;:720,&quot;335559991&quot;:360,&quot;469769226&quot;:&quot;Symbol&quot;,&quot;469769242&quot;:[8226],&quot;469777803&quot;:&quot;left&quot;,&quot;469777804&quot;:&quot;\uf0b7&quot;,&quot;469777815&quot;:&quot;multilevel&quot;}\" aria-setsize=\"-1\" data-aria-posinset=\"2\" data-aria-level=\"1\">Les programmes de pr\u00e9vention\u00a0<\/li>\n<li data-leveltext=\"\uf0b7\" data-font=\"Symbol\" data-listid=\"3\" data-list-defn-props=\"{&quot;335552541&quot;:1,&quot;335559684&quot;:-2,&quot;335559685&quot;:720,&quot;335559991&quot;:360,&quot;469769226&quot;:&quot;Symbol&quot;,&quot;469769242&quot;:[8226],&quot;469777803&quot;:&quot;left&quot;,&quot;469777804&quot;:&quot;\uf0b7&quot;,&quot;469777815&quot;:&quot;multilevel&quot;}\" aria-setsize=\"-1\" data-aria-posinset=\"3\" data-aria-level=\"1\">Les chantiers pour l&#8217;am\u00e9lioration de l&#8217;hygi\u00e8ne et de la sant\u00e9 ou sur les structures scolaires\u00a0<\/li>\n<li data-leveltext=\"\uf0b7\" data-font=\"Symbol\" data-listid=\"3\" data-list-defn-props=\"{&quot;335552541&quot;:1,&quot;335559684&quot;:-2,&quot;335559685&quot;:720,&quot;335559991&quot;:360,&quot;469769226&quot;:&quot;Symbol&quot;,&quot;469769242&quot;:[8226],&quot;469777803&quot;:&quot;left&quot;,&quot;469777804&quot;:&quot;\uf0b7&quot;,&quot;469777815&quot;:&quot;multilevel&quot;}\" aria-setsize=\"-1\" data-aria-posinset=\"4\" data-aria-level=\"1\">L&#8217;assistance aux populations en grand danger (enfants des rues) \u00e0 travers les Maisons de Protection \u00e0 l&#8217;Enfance soutenues par\u202f<i>MSA<\/i><\/li>\n<\/ul>\n<p>&nbsp;<\/p>\n\t\t\t\t<img src=\"http:\/\/medicalsurgicalaid.org\/wp-content\/uploads\/2022\/05\/img15.jpg\" alt=\"img15\" itemprop=\"image\" title=\"img15\" onerror=\"this.style.display='none'\"  \/>\n\t<p><b>Nos objectifs\u202f:<\/b>\u00a0<\/p>\n<p>Sp\u00e9cialis\u00e9e dans les m\u00e9tiers de la sant\u00e9,\u202f<i>MSA<\/i>\u202fvient en aide aux populations pauvres dans les pays o\u00f9 nous intervenons gr\u00e2ce \u00e0 l&#8217;organisation r\u00e9currente de missions de sant\u00e9 dans les villages de populations d\u00e9munies, sans acc\u00e8s aux soins.\u00a0<\/p>\n<p><i>MSA<\/i>\u202fd\u00e9veloppe aussi ses propres programmes humanitaires afin d&#8217;aider en direct les populations indigentes (orphelinats, dispensaires, maternit\u00e9s, \u00e9coles, parrainages d&#8217;enfants des rues ou en danger, petites associations locales, etc.).\u00a0<\/p>\n<p>Le r\u00f4le de\u202f<i>MSA<\/i>\u202fest aussi, au-del\u00e0 de l&#8217;organisation de missions\u202f de sant\u00e9 et de d\u00e9veloppement locales, d&#8217;assister les ONG et associations humanitaires dans leur aide aux populations indigentes.\u00a0<\/p>\n<p>Cette assistance efficace consiste \u00e0 organiser des missions humanitaires pour des associations qui en font la demande mais \u00e9galement de mettre en relation les associations et les b\u00e9n\u00e9voles proposant leur candidature sur notre site Internet.\u00a0<\/p>\n<p>Cette d\u00e9marche d&#8217;organisation de missions humanitaires\u202fa un impact rapide et vital sur le bien-\u00eatre de la population n\u00e9cessiteuse et participe au d\u00e9veloppement du pays, en r\u00e9duisant la pauvret\u00e9 en d\u00e9veloppant une micro-\u00e9conomie locale (m\u00e9decins locaux, traducteurs, chauffeurs, gardes, cuisiniers, gouvernantes,)\u00a0<\/p>\n\t<p><b>N<\/b><b>os Valeurs<\/b><b>\u202f:<\/b>\u00a0<\/p>\n<i>MSA\u202f<\/i>est persuad\u00e9e que le monde serait meilleur si tous ceux qui souhaitent s&#8217;engager dans l&#8217;humanitaire, pouvaient transformer facilement et en toute confiance, leur passion en actions .\u00a0\n<p>Votre d\u00e9cision de \u00ab\u202fpartir\u202f\u00bb pour pouvoir enfin r\u00e9aliser vos aspirations les plus profondes, vous permettra d&#8217;en revenir enrichi(e), valoris\u00e9(e), avec le sentiment d&#8217;avoir \u00e9t\u00e9 utile.\u00a0<\/p>\n<p>MSA\u202fpeut vous offrir cela car elle croit comme vous en la passion, la solidarit\u00e9 et le respect de l&#8217;Autre et qu&#8217;elle m\u00e8ne ses missions avec rigueur, enthousiasme, efficacit\u00e9 et de fa\u00e7on professionnelle et s\u00e9curitaire.\u00a0<\/p>\n<p><i>En effet, les principales valeurs\u202fattribu\u00e9es \u00e0\u202fMSA <\/i>dans le cadre d&#8217;une enqu\u00eate aupr\u00e8s de b\u00e9n\u00e9voles ont \u00e9t\u00e9 par ordre d\u00e9croissant : solidarit\u00e9 &#8211; respect &#8211; transparence &#8211; engagement &#8211; expertise &#8211; \u00e9thique et solidit\u00e9\u00a0<\/p>\n<p>Une mission humanitaire de terrain est un moment privil\u00e9gi\u00e9 de son existence, qui permet au retour de voir la vie d&#8217;une autre fa\u00e7on.\u202f<i>C&#8217;est un moment de faire le point avec soi-m\u00eame en aidant les autres et <\/i>une fa\u00e7on diff\u00e9rente de participer au d\u00e9veloppement mondial en partenariat avec les pays qui nous re\u00e7oivent.\u00a0<\/p>\n\n","protected":false},"excerpt":{"rendered":"<p>Qui sommes nous\u202f?\u00a0 L&#8217;organisation de l&#8217;Association\u202f:\u00a0 &nbsp; Notre association est constitu\u00e9e de\u202fmembres\u202factifs et de membres ordinaires. Une\u202fcotisation\u202fest due pour chaque membre.\u00a0 L&#8217;association est g\u00e9r\u00e9e par un\u202fConseil d&#8217;Administration\u202fdont les membres sont \u00e9lus pour 3 ans par l&#8217;Assembl\u00e9e G\u00e9n\u00e9rale. Il se r\u00e9unit au minimum deux fois par an.\u00a0 Chaque ann\u00e9e le Conseil d&#8217;Administration \u00e9lit un\u202fbureau\u202fcompos\u00e9 a minima\u202f:\u00a0&#8230;<\/p>\n","protected":false},"author":2,"featured_media":0,"parent":0,"menu_order":0,"comment_status":"closed","ping_status":"closed","template":"","meta":{"om_disable_all_campaigns":false,"_monsterinsights_skip_tracking":false,"_monsterinsights_sitenote_active":false,"_monsterinsights_sitenote_note":"","_monsterinsights_sitenote_category":0,"_kad_post_transparent":"","_kad_post_title":"","_kad_post_layout":"","_kad_post_sidebar_id":"","_kad_post_content_style":"","_kad_post_vertical_padding":"","_kad_post_feature":"","_kad_post_feature_position":"","_kad_post_header":false,"_kad_post_footer":false},"_links":{"self":[{"href":"https:\/\/medicalsurgicalaid.org\/index.php\/wp-json\/wp\/v2\/pages\/85"}],"collection":[{"href":"https:\/\/medicalsurgicalaid.org\/index.php\/wp-json\/wp\/v2\/pages"}],"about":[{"href":"https:\/\/medicalsurgicalaid.org\/index.php\/wp-json\/wp\/v2\/types\/page"}],"author":[{"embeddable":true,"href":"https:\/\/medicalsurgicalaid.org\/index.php\/wp-json\/wp\/v2\/users\/2"}],"replies":[{"embeddable":true,"href":"https:\/\/medicalsurgicalaid.org\/index.php\/wp-json\/wp\/v2\/comments?post=85"}],"version-history":[{"count":7,"href":"https:\/\/medicalsurgicalaid.org\/index.php\/wp-json\/wp\/v2\/pages\/85\/revisions"}],"predecessor-version":[{"id":113,"href":"https:\/\/medicalsurgicalaid.org\/index.php\/wp-json\/wp\/v2\/pages\/85\/revisions\/113"}],"wp:attachment":[{"href":"https:\/\/medicalsurgicalaid.org\/index.php\/wp-json\/wp\/v2\/media?parent=85"}],"curies":[{"name":"wp","href":"https:\/\/api.w.org\/{rel}","templated":true}]}}